{"id":17,"date":"2017-11-01T00:01:31","date_gmt":"2017-10-31T23:01:31","guid":{"rendered":"https:\/\/xn--die3chre-s4a.ch\/?page_id=17"},"modified":"2018-05-02T08:13:07","modified_gmt":"2018-05-02T07:13:07","slug":"die-choere","status":"publish","type":"page","link":"https:\/\/xn--die3chre-s4a.ch\/?page_id=17","title":{"rendered":"Die  Drei Ch\u00f6re"},"content":{"rendered":"<p><strong>Frauenchor Concordia Basel<\/strong><\/p>\n<p><img loading=\"lazy\" class=\"size-medium wp-image-103 alignleft\" src=\"https:\/\/xn--die3chre-s4a.ch\/wp-content\/uploads\/2018\/04\/FCC-4-244x300.jpg\" alt=\"\" width=\"244\" height=\"300\" srcset=\"https:\/\/xn--die3chre-s4a.ch\/wp-content\/uploads\/2018\/04\/FCC-4-244x300.jpg 244w, https:\/\/xn--die3chre-s4a.ch\/wp-content\/uploads\/2018\/04\/FCC-4.jpg 765w\" sizes=\"(max-width: 244px) 100vw, 244px\" \/><\/p>\n<p><span style=\"color: #000000;\"><span style=\"font-family: arial, sans-serif;\"><span style=\"font-size: large;\">Der Frauenchor Concordia Basel wurde<\/span><\/span><\/span><span style=\"color: #000000;\"><span style=\"font-family: Arial, sans-serif;\"><span style=\"font-size: large;\"> am 15. April 1936 gegr\u00fcndet. Mit neun S\u00e4ngerinnen startete der Chor in die Zukunft. Ende 1946 waren es bereits gegen 100 S\u00e4ngerinnen, welche ein reges Vereinsleben f\u00fchrten und an vielen Veranstaltungen mitwirkten. 1986 verf\u00fcgte der Frauenchor Concordia Basel noch \u00fcber rund 60 aktive S\u00e4ngerinnen. Am Eidgen\u00f6ssischen S\u00e4ngerfest in Z\u00fcrich errang der Chor 1973 den Goldlorbeer in der besten Kategorie. Er war der erste Frauenchor, welcher \u00fcberhaupt je an einem Eidgen\u00f6ssischen S\u00e4ngerfest teilnahm. <\/span><\/span><\/span><span style=\"color: #000000;\"><span style=\"font-family: Arial, sans-serif;\"><span style=\"font-size: large;\">Am kantonalen Gesangsfest in Laufen im Jahr 2011 durfte der Frauenchor f\u00fcr seine Vortr\u00e4ge das Pr\u00e4dikat \u201evorz\u00fcglich\u201c in Empfang nehmen.\u00a0 <\/span><\/span><\/span><\/p>\n<p><span style=\"color: #000000;\"><span style=\"font-family: Arial, sans-serif;\"><span style=\"font-size: large;\">Namhafte Dirigenten wie Fritz Fischli und Nikolaus Krzemnicki pr\u00e4gten jahrelang den Chor. Seit 1995 f\u00fchrt Andreas Schmidt mit Erfolg den Dirigentenstab. <\/span><\/span><\/span><\/p>\n<p><img loading=\"lazy\" class=\"size-medium wp-image-104 alignleft\" src=\"https:\/\/xn--die3chre-s4a.ch\/wp-content\/uploads\/2018\/04\/FCC-1-300x233.jpg\" alt=\"\" width=\"300\" height=\"233\" srcset=\"https:\/\/xn--die3chre-s4a.ch\/wp-content\/uploads\/2018\/04\/FCC-1-300x233.jpg 300w, https:\/\/xn--die3chre-s4a.ch\/wp-content\/uploads\/2018\/04\/FCC-1-768x596.jpg 768w, https:\/\/xn--die3chre-s4a.ch\/wp-content\/uploads\/2018\/04\/FCC-1-1024x795.jpg 1024w\" sizes=\"(max-width: 300px) 100vw, 300px\" \/><\/p>\n<p><span style=\"color: #000000;\"><span style=\"font-family: Arial, sans-serif;\"><span style=\"font-size: large;\">Dyn<\/span><\/span><\/span><span style=\"color: #000000;\"><span style=\"font-family: Arial, sans-serif;\"><span style=\"font-size: large;\">amische und junggebliebene Frauen jeden Alters studieren Lieder aus allen Sparten der Musik ein. Das Repertoire reicht von der Klassik bis zur Moderne. Weil der Chor sich auf musikalische Herausforderungen freut, pr\u00e4sentiert er sich regelm\u00e4ssig mit Konzerten seinem Publikum.<\/span><\/span><\/span><\/p>\n<p><span style=\"color: #000000;\"><span style=\"font-family: Arial, sans-serif;\"><span style=\"font-size: large;\">Der Frauenchor Concordia Basel wurde vom Mitgliederr\u00fcckgang leider nicht verschont. Doch auch als kleiner Chor tr\u00e4gt er zum kulturellen Leben der Stadt Basel bei.<\/span><\/span><\/span><\/p>\n<p><a href=\"http:\/\/www.frauenchor-concordia-basel.ch\">http:\/\/www.frauenchor-concordia-basel.ch<\/a><\/p>\n<p>&nbsp;<\/p>\n<p><strong>M\u00e4nnerchor Therwil (<\/strong><span style=\"font-size: large;\"><b>gegr\u00fcndet 1833)<\/b><\/span><\/p>\n<p>Mit \u00dcberzeugung hat der M\u00e4nnerchor Therwil sich bereits im Winter 2017 f\u00fcr das Projekt 3 Ch\u00f6re entschieden. Dass damit einige Anpassungen an den gewohnten Jahresablauf notwendig werden, war bald einmal klar. Der Verein kann dank fr\u00fcherer, \u00e4hnlicher Konzerte, viel Erfahrung in die Organisation einbringen. Zudem hilft die N\u00e4he zu den \u00abKonzerten St. Stephan, Therwil\u00bb.<\/p>\n<p>Heute singen rund 35 aktive Mitglieder in unserem Chor und besuchen an einem Mittwoch die regelm\u00e4ssigen Proben. Dank den verschiedenen Aufgaben in der \u00d6ffentlichkeit, wie Jubil\u00e4en, Marktpr\u00e4senz und Unterhaltungsabende, stellen wir einen wichtigen Teil des \u00abD\u00e4rwiller\u00bb Dorflebens dar. Urspr\u00fcnglich als Kirchenchor gegr\u00fcndet pflegen wir unsere Beziehungen zu der katholischen Kirche weiterhin. Die j\u00e4hrliche Mitwirkung an der Totenfeier im November, f\u00fchrt uns immer wieder zu speziellem Liedgut und feierlichen Erkenntnissen. Auch eine konzertante Mitwirkung im Chor der Kirche St. Stephan st\u00f6sst jeweilen auf grosse Resonanz.<\/p>\n<p>Als Mitglied des kantonalen Chorverbands sind wir bei Eidgen\u00f6ssischen oder regionalen Festen mit eigenen Beitr\u00e4gen dabei. Dank der sorgf\u00e4ltigen Vorbereitung und Betreuung durch den Dirigenten und dessen Stab, gelang es dem M\u00e4nnerchor Therwil oft Bewertungen im Bereich sehr gut, ja sogar voz\u00fcglich, zu erlangen. Wir arbeiten weiterhin an dieser Zielsetzung.<\/p>\n<p><a name=\"_GoBack\"><\/a> Wir freuen uns auf die Konzerte im November und w\u00fcnschen Ihnen heute schon ein feierliches Erlebnis. Eine CD, zum 175 Jahr Jubil\u00e4um produziert, ist noch erh\u00e4ltlich. Neumitglieder oder passive Unterst\u00fctzung sind weiterhin willkommen. Sprechen Sie uns an. Sie finden uns auch auf der eigenen Website<\/p>\n<p><a href=\"http:\/\/www.maennerchor-therwil.ch\">http:\/\/www.maennerchor-therwil.ch<\/a><\/p>\n<p>&nbsp;<\/p>\n","protected":false},"excerpt":{"rendered":"<p>Frauenchor Concordia Basel Der Frauenchor Concordia Basel wurde am 15. April 1936 gegr\u00fcndet. Mit neun S\u00e4ngerinnen startete der Chor in die Zukunft. Ende 1946 waren es bereits gegen 100 S\u00e4ngerinnen, welche ein reges Vereinsleben f\u00fchrten und an vielen Veranstaltungen mitwirkten. 1986 verf\u00fcgte der Frauenchor Concordia Basel noch \u00fcber rund 60 aktive S\u00e4ngerinnen. Am Eidgen\u00f6ssischen S\u00e4ngerfest &hellip; <\/p>\n<p class=\"link-more\"><a href=\"https:\/\/xn--die3chre-s4a.ch\/?page_id=17\" class=\"more-link\"><span class=\"screen-reader-text\">\u201eDie  Drei Ch\u00f6re\u201c<\/span> weiterlesen<\/a><\/p>\n","protected":false},"author":1,"featured_media":0,"parent":0,"menu_order":3,"comment_status":"closed","ping_status":"closed","template":"","meta":[],"_links":{"self":[{"href":"https:\/\/xn--die3chre-s4a.ch\/index.php?rest_route=\/wp\/v2\/pages\/17"}],"collection":[{"href":"https:\/\/xn--die3chre-s4a.ch\/index.php?rest_route=\/wp\/v2\/pages"}],"about":[{"href":"https:\/\/xn--die3chre-s4a.ch\/index.php?rest_route=\/wp\/v2\/types\/page"}],"author":[{"embeddable":true,"href":"https:\/\/xn--die3chre-s4a.ch\/index.php?rest_route=\/wp\/v2\/users\/1"}],"replies":[{"embeddable":true,"href":"https:\/\/xn--die3chre-s4a.ch\/index.php?rest_route=%2Fwp%2Fv2%2Fcomments&post=17"}],"version-history":[{"count":4,"href":"https:\/\/xn--die3chre-s4a.ch\/index.php?rest_route=\/wp\/v2\/pages\/17\/revisions"}],"predecessor-version":[{"id":168,"href":"https:\/\/xn--die3chre-s4a.ch\/index.php?rest_route=\/wp\/v2\/pages\/17\/revisions\/168"}],"wp:attachment":[{"href":"https:\/\/xn--die3chre-s4a.ch\/index.php?rest_route=%2Fwp%2Fv2%2Fmedia&parent=17"}],"curies":[{"name":"wp","href":"https:\/\/api.w.org\/{rel}","templated":true}]}}